{"id":52,"date":"2023-05-16T14:19:25","date_gmt":"2023-05-16T12:19:25","guid":{"rendered":"https:\/\/agdjaroslaw.pl\/?page_id=52"},"modified":"2025-12-03T16:04:00","modified_gmt":"2025-12-03T15:04:00","slug":"strona-glowna","status":"publish","type":"page","link":"https:\/\/agdjaroslaw.pl\/","title":{"rendered":"Strona g\u0142\u00f3wna"},"content":{"rendered":"\n<div class=\"wp-block-nextend-smartslider3\"><\/div>\n\n\n\n<h2 class=\"wp-block-heading has-text-align-center\" id=\"dlafirm\" style=\"font-style:normal;font-weight:200\">Jeste\u015bmy autoryzowanym dealerem i serwisem sprz\u0119tu profesjonalnego firmy Smeg. Zajmujemy si\u0119 sprzeda\u017c\u0105 wysokiej jako\u015bci sprz\u0119tu kuchennego, jest projektowany i produkowany we W\u0142oszech.<\/h2>\n\n\n\n<p class=\"has-text-align-center\" style=\"font-size:30px;font-style:normal;font-weight:300;text-transform:none\">Oferta:<\/p>\n\n\n\n<div class=\"wp-block-buttons is-content-justification-center is-nowrap is-layout-flex wp-container-core-buttons-is-layout-94bc23d7 wp-block-buttons-is-layout-flex\">\n<div class=\"wp-block-button is-style-fill\"><a class=\"wp-block-button__link has-text-align-center has-custom-font-size wp-element-button\" href=\"https:\/\/agdjaroslaw.pl\/#klient-biznesowy\" style=\"border-radius:15px;font-size:15px\">Oferta dla firm<\/a><\/div>\n\n\n\n<div class=\"wp-block-button\"><a class=\"wp-block-button__link has-custom-font-size wp-element-button\" href=\"#agdd\" style=\"border-radius:15px;font-size:15px\">Serwis AGD<\/a><\/div>\n<\/div>\n\n\n\n<div style=\"height:100px\" aria-hidden=\"true\" class=\"wp-block-spacer\"><\/div>\n\n\n\n<p id=\"klient-biznesowy\"><\/p>\n\n\n\n<p><\/p>\n\n\n\n<p><\/p>\n\n\n\n<h3 class=\"wp-block-heading has-text-align-center\" style=\"font-style:normal;font-weight:200\">Sprzedawany przez nas wysokiej klasy sprz\u0119t taki jak <strong>zmywarki<\/strong>, <strong>piekarniki<\/strong>, czy <strong>minibary<\/strong>, jest jednym z bardziej po\u017c\u0105danych na rynku.<\/h3>\n\n\n\n<div class=\"wp-block-columns is-layout-flex wp-container-core-columns-is-layout-9d6595d7 wp-block-columns-is-layout-flex\">\n<div class=\"wp-block-column is-layout-flow wp-block-column-is-layout-flow\">\n<figure class=\"wp-block-image size-full\"><a href=\"https:\/\/agdjaroslaw.pl\/?page_id=154\"><img loading=\"lazy\" decoding=\"async\" width=\"960\" height=\"690\" src=\"https:\/\/agdjaroslaw.pl\/wp-content\/uploads\/2023\/05\/zmywarka-1.jpeg\" alt=\"\" class=\"wp-image-144\" srcset=\"https:\/\/agdjaroslaw.pl\/wp-content\/uploads\/2023\/05\/zmywarka-1.jpeg 960w, https:\/\/agdjaroslaw.pl\/wp-content\/uploads\/2023\/05\/zmywarka-1-300x216.jpeg 300w, https:\/\/agdjaroslaw.pl\/wp-content\/uploads\/2023\/05\/zmywarka-1-768x552.jpeg 768w\" sizes=\"auto, (max-width: 960px) 100vw, 960px\" \/><\/a><\/figure>\n\n\n\n<p class=\"has-text-align-center zmywarki\"><a href=\"https:\/\/agdjaroslaw.pl\/?page_id=154\">Zmywarki<\/a><\/p>\n<\/div>\n\n\n\n<div class=\"wp-block-column is-layout-flow wp-block-column-is-layout-flow\">\n<figure class=\"wp-block-image size-full\"><a href=\"https:\/\/agdjaroslaw.pl\/?page_id=156\"><img loading=\"lazy\" decoding=\"async\" width=\"960\" height=\"690\" src=\"https:\/\/agdjaroslaw.pl\/wp-content\/uploads\/2023\/05\/piekarnik.jpeg\" alt=\"\" class=\"wp-image-145\" srcset=\"https:\/\/agdjaroslaw.pl\/wp-content\/uploads\/2023\/05\/piekarnik.jpeg 960w, https:\/\/agdjaroslaw.pl\/wp-content\/uploads\/2023\/05\/piekarnik-300x216.jpeg 300w, https:\/\/agdjaroslaw.pl\/wp-content\/uploads\/2023\/05\/piekarnik-768x552.jpeg 768w\" sizes=\"auto, (max-width: 960px) 100vw, 960px\" \/><\/a><\/figure>\n\n\n\n<p class=\"has-text-align-center piekarniki\"><a href=\"https:\/\/agdjaroslaw.pl\/?page_id=156\">Piekarniki<\/a><\/p>\n<\/div>\n\n\n\n<div class=\"wp-block-column is-layout-flow wp-block-column-is-layout-flow\">\n<figure class=\"wp-block-image size-full\"><a href=\"https:\/\/agdjaroslaw.pl\/?page_id=162\"><img loading=\"lazy\" decoding=\"async\" width=\"960\" height=\"690\" src=\"https:\/\/agdjaroslaw.pl\/wp-content\/uploads\/2023\/05\/chlodziarki.jpeg\" alt=\"\" class=\"wp-image-146\" srcset=\"https:\/\/agdjaroslaw.pl\/wp-content\/uploads\/2023\/05\/chlodziarki.jpeg 960w, https:\/\/agdjaroslaw.pl\/wp-content\/uploads\/2023\/05\/chlodziarki-300x216.jpeg 300w, https:\/\/agdjaroslaw.pl\/wp-content\/uploads\/2023\/05\/chlodziarki-768x552.jpeg 768w\" sizes=\"auto, (max-width: 960px) 100vw, 960px\" \/><\/a><\/figure>\n\n\n\n<p class=\"has-text-align-center schladzarki\"><a href=\"https:\/\/agdjaroslaw.pl\/?page_id=162\">Sch\u0142adzarki<\/a><\/p>\n<\/div>\n<\/div>\n\n\n\n<div class=\"wp-block-columns is-layout-flex wp-container-core-columns-is-layout-9d6595d7 wp-block-columns-is-layout-flex\">\n<div class=\"wp-block-column is-layout-flow wp-block-column-is-layout-flow\">\n<figure class=\"wp-block-image size-full\"><a href=\"https:\/\/agdjaroslaw.pl\/?page_id=165\"><img loading=\"lazy\" decoding=\"async\" width=\"960\" height=\"690\" src=\"https:\/\/agdjaroslaw.pl\/wp-content\/uploads\/2023\/05\/maszyna-do-kawy.jpeg\" alt=\"\" class=\"wp-image-147\" srcset=\"https:\/\/agdjaroslaw.pl\/wp-content\/uploads\/2023\/05\/maszyna-do-kawy.jpeg 960w, https:\/\/agdjaroslaw.pl\/wp-content\/uploads\/2023\/05\/maszyna-do-kawy-300x216.jpeg 300w, https:\/\/agdjaroslaw.pl\/wp-content\/uploads\/2023\/05\/maszyna-do-kawy-768x552.jpeg 768w\" sizes=\"auto, (max-width: 960px) 100vw, 960px\" \/><\/a><\/figure>\n\n\n\n<p class=\"has-text-align-center ekspresy\"><a href=\"https:\/\/agdjaroslaw.pl\/?page_id=165\">Ekspresy do kawy<\/a><\/p>\n<\/div>\n\n\n\n<div class=\"wp-block-column is-layout-flow wp-block-column-is-layout-flow\">\n<figure class=\"wp-block-image size-full\"><a href=\"https:\/\/agdjaroslaw.pl\/?page_id=158\"><img loading=\"lazy\" decoding=\"async\" width=\"960\" height=\"690\" src=\"https:\/\/agdjaroslaw.pl\/wp-content\/uploads\/2023\/05\/okap-wyciagowy.jpeg\" alt=\"\" class=\"wp-image-148\" srcset=\"https:\/\/agdjaroslaw.pl\/wp-content\/uploads\/2023\/05\/okap-wyciagowy.jpeg 960w, https:\/\/agdjaroslaw.pl\/wp-content\/uploads\/2023\/05\/okap-wyciagowy-300x216.jpeg 300w, https:\/\/agdjaroslaw.pl\/wp-content\/uploads\/2023\/05\/okap-wyciagowy-768x552.jpeg 768w\" sizes=\"auto, (max-width: 960px) 100vw, 960px\" \/><\/a><\/figure>\n\n\n\n<p class=\"has-text-align-center okapy\"><a href=\"https:\/\/agdjaroslaw.pl\/?page_id=158\">Okapy<\/a><\/p>\n<\/div>\n\n\n\n<div class=\"wp-block-column is-layout-flow wp-block-column-is-layout-flow\">\n<figure class=\"wp-block-image size-full\"><a href=\"https:\/\/agdjaroslaw.pl\/?page_id=160\"><img loading=\"lazy\" decoding=\"async\" width=\"960\" height=\"690\" src=\"https:\/\/agdjaroslaw.pl\/wp-content\/uploads\/2023\/05\/minibary.png\" alt=\"\" class=\"wp-image-149\" srcset=\"https:\/\/agdjaroslaw.pl\/wp-content\/uploads\/2023\/05\/minibary.png 960w, https:\/\/agdjaroslaw.pl\/wp-content\/uploads\/2023\/05\/minibary-300x216.png 300w, https:\/\/agdjaroslaw.pl\/wp-content\/uploads\/2023\/05\/minibary-768x552.png 768w\" sizes=\"auto, (max-width: 960px) 100vw, 960px\" \/><\/a><\/figure>\n\n\n\n<p class=\"has-text-align-center minibary\"><a href=\"https:\/\/agdjaroslaw.pl\/?page_id=160\">Minibary<\/a><\/p>\n<\/div>\n<\/div>\n\n\n\n<div style=\"height:52px\" aria-hidden=\"true\" class=\"wp-block-spacer\"><\/div>\n\n\n\n<div style=\"height:32px\" aria-hidden=\"true\" id=\"klient-prywatny\" class=\"wp-block-spacer\"><\/div>\n\n\n\n<h4 class=\"wp-block-heading has-text-align-center\" id=\"agdd\" style=\"font-style:normal;font-weight:200\">Posiadamy r\u00f3wnie\u017c autoryzacj\u0119 na serwisowanie sprz\u0119ty  Smeg, dlatego w naszej ofercie znajd\u0105 pa\u0144stwo r\u00f3wnie\u017c us\u0142ugi serwisowe oraz cz\u0119\u015bci zamienne i akcesoria do sprz\u0119t\u00f3w kuchennych.<\/h4>\n\n\n\n<hr class=\"wp-block-separator has-alpha-channel-opacity\" id=\"agd\"\/>\n\n\n\n<h2 class=\"wp-block-heading has-text-align-center\" style=\"font-style:normal;font-weight:200\">Oferta naszego serwisu AGD<\/h2>\n\n\n\n<p class=\"has-text-align-center\" style=\"font-style:normal;font-weight:200\">Jeste\u015bmy autoryzowanym serwisem: <strong>Amica, Hisense, Gorenje, Quadra-net<\/strong> oraz <strong>MPM<\/strong>. Mo\u017cna je u nas r\u00f3wnie\u017c naprawi\u0107 gdy up\u0142ynie czas gwarancji.<\/p>\n\n\n\n<p><\/p>\n\n\n\n\t<div class=\"gs_logo_area gs_logo_area_1 slider1\" style=\"opacity: 0; visibility: hidden;\">\n\t\t<div class=\"gs_logo_area--inner\">\n\n\t\t\t\n<div class=\"gs_logo_container gs_carousel_swiper gs_logo_fix_height_and_center\" data-carousel-config='{\"direction\":\"horizontal\",\"speed\":500,\"isAutoplay\":true,\"autoplayDelay\":2000,\"loop\":true,\"pauseOnHover\":false,\"ticker\":false,\"navs\":false,\"navs_pos\":\"bottom\",\"dots\":false,\"dynamic_dots\":true,\"slideSpace\":10,\"slidesPerGroup\":1,\"desktopLogos\":5,\"tabletLogos\":3,\"mobileLogos\":2,\"reverseDirection\":false}'>\n\n\t\n\t\t\n\t\t\t<div class=\"gs_logo_single--wrapper\">\n\t\t\t\t<div class=\"gs_logo_single\">\n\n\t\t\t\t\t<!-- Logo Img -->\n\t\t\t\t\t<img loading=\"lazy\" decoding=\"async\" width=\"150\" height=\"68\" src=\"https:\/\/agdjaroslaw.pl\/wp-content\/uploads\/2023\/05\/quadra-2-e1684811299747.webp\" class=\"gs-logo--img wp-post-image\" alt=\"\" title=\"10\" \/>\n\t\t\t\t\t<!-- Logo Title -->\n\t\t\t\t\t\t\t\t\t\t\n\t\t\t\t\t<!-- Logo Category -->\n\t\t\t\t\t\t\t\t\t\t\n\t\t\t\t<\/div>\n\t\t\t<\/div>\n\n\t\t\n\t\t\t<div class=\"gs_logo_single--wrapper\">\n\t\t\t\t<div class=\"gs_logo_single\">\n\n\t\t\t\t\t<!-- Logo Img -->\n\t\t\t\t\t<img loading=\"lazy\" decoding=\"async\" width=\"150\" height=\"43\" src=\"https:\/\/agdjaroslaw.pl\/wp-content\/uploads\/2023\/05\/Amica_Wronki_Unternehmen_logo-e1684811254212.png\" class=\"gs-logo--img wp-post-image\" alt=\"\" title=\"9\" \/>\n\t\t\t\t\t<!-- Logo Title -->\n\t\t\t\t\t\t\t\t\t\t\n\t\t\t\t\t<!-- Logo Category -->\n\t\t\t\t\t\t\t\t\t\t\n\t\t\t\t<\/div>\n\t\t\t<\/div>\n\n\t\t\n\t\t\t<div class=\"gs_logo_single--wrapper\">\n\t\t\t\t<div class=\"gs_logo_single\">\n\n\t\t\t\t\t<!-- Logo Img -->\n\t\t\t\t\t<img loading=\"lazy\" decoding=\"async\" width=\"150\" height=\"45\" src=\"https:\/\/agdjaroslaw.pl\/wp-content\/uploads\/2023\/05\/Gorenje_Logo-e1684811266166.png\" class=\"gs-logo--img wp-post-image\" alt=\"\" title=\"8\" \/>\n\t\t\t\t\t<!-- Logo Title -->\n\t\t\t\t\t\t\t\t\t\t\n\t\t\t\t\t<!-- Logo Category -->\n\t\t\t\t\t\t\t\t\t\t\n\t\t\t\t<\/div>\n\t\t\t<\/div>\n\n\t\t\n\t\t\t<div class=\"gs_logo_single--wrapper\">\n\t\t\t\t<div class=\"gs_logo_single\">\n\n\t\t\t\t\t<!-- Logo Img -->\n\t\t\t\t\t<img loading=\"lazy\" decoding=\"async\" width=\"148\" height=\"36\" src=\"https:\/\/agdjaroslaw.pl\/wp-content\/uploads\/2023\/05\/mpm-e1684811276721.png\" class=\"gs-logo--img wp-post-image\" alt=\"\" title=\"7\" \/>\n\t\t\t\t\t<!-- Logo Title -->\n\t\t\t\t\t\t\t\t\t\t\n\t\t\t\t\t<!-- Logo Category -->\n\t\t\t\t\t\t\t\t\t\t\n\t\t\t\t<\/div>\n\t\t\t<\/div>\n\n\t\t\n\t\t\t<div class=\"gs_logo_single--wrapper\">\n\t\t\t\t<div class=\"gs_logo_single\">\n\n\t\t\t\t\t<!-- Logo Img -->\n\t\t\t\t\t<img loading=\"lazy\" decoding=\"async\" width=\"150\" height=\"24\" src=\"https:\/\/agdjaroslaw.pl\/wp-content\/uploads\/2023\/05\/Hisense-e1684811285621.png\" class=\"gs-logo--img wp-post-image\" alt=\"\" title=\"6\" \/>\n\t\t\t\t\t<!-- Logo Title -->\n\t\t\t\t\t\t\t\t\t\t\n\t\t\t\t\t<!-- Logo Category -->\n\t\t\t\t\t\t\t\t\t\t\n\t\t\t\t<\/div>\n\t\t\t<\/div>\n\n\t\t\n\t\t\t<div class=\"gs_logo_single--wrapper\">\n\t\t\t\t<div class=\"gs_logo_single\">\n\n\t\t\t\t\t<!-- Logo Img -->\n\t\t\t\t\t<img loading=\"lazy\" decoding=\"async\" width=\"150\" height=\"45\" src=\"https:\/\/agdjaroslaw.pl\/wp-content\/uploads\/2023\/05\/Gorenje_Logo-e1684811266166.png\" class=\"gs-logo--img wp-post-image\" alt=\"\" title=\"5\" \/>\n\t\t\t\t\t<!-- Logo Title -->\n\t\t\t\t\t\t\t\t\t\t\n\t\t\t\t\t<!-- Logo Category -->\n\t\t\t\t\t\t\t\t\t\t\n\t\t\t\t<\/div>\n\t\t\t<\/div>\n\n\t\t\n\t\t\t<div class=\"gs_logo_single--wrapper\">\n\t\t\t\t<div class=\"gs_logo_single\">\n\n\t\t\t\t\t<!-- Logo Img -->\n\t\t\t\t\t<img loading=\"lazy\" decoding=\"async\" width=\"150\" height=\"43\" src=\"https:\/\/agdjaroslaw.pl\/wp-content\/uploads\/2023\/05\/Amica_Wronki_Unternehmen_logo-e1684811254212.png\" class=\"gs-logo--img wp-post-image\" alt=\"\" title=\"4\" \/>\n\t\t\t\t\t<!-- Logo Title -->\n\t\t\t\t\t\t\t\t\t\t\n\t\t\t\t\t<!-- Logo Category -->\n\t\t\t\t\t\t\t\t\t\t\n\t\t\t\t<\/div>\n\t\t\t<\/div>\n\n\t\t\n\t\t\t<div class=\"gs_logo_single--wrapper\">\n\t\t\t\t<div class=\"gs_logo_single\">\n\n\t\t\t\t\t<!-- Logo Img -->\n\t\t\t\t\t<img loading=\"lazy\" decoding=\"async\" width=\"150\" height=\"24\" src=\"https:\/\/agdjaroslaw.pl\/wp-content\/uploads\/2023\/05\/Hisense-e1684811285621.png\" class=\"gs-logo--img wp-post-image\" alt=\"\" title=\"3\" \/>\n\t\t\t\t\t<!-- Logo Title -->\n\t\t\t\t\t\t\t\t\t\t\n\t\t\t\t\t<!-- Logo Category -->\n\t\t\t\t\t\t\t\t\t\t\n\t\t\t\t<\/div>\n\t\t\t<\/div>\n\n\t\t\n\t\t\t<div class=\"gs_logo_single--wrapper\">\n\t\t\t\t<div class=\"gs_logo_single\">\n\n\t\t\t\t\t<!-- Logo Img -->\n\t\t\t\t\t<img loading=\"lazy\" decoding=\"async\" width=\"148\" height=\"36\" src=\"https:\/\/agdjaroslaw.pl\/wp-content\/uploads\/2023\/05\/mpm-e1684811276721.png\" class=\"gs-logo--img wp-post-image\" alt=\"\" title=\"2\" \/>\n\t\t\t\t\t<!-- Logo Title -->\n\t\t\t\t\t\t\t\t\t\t\n\t\t\t\t\t<!-- Logo Category -->\n\t\t\t\t\t\t\t\t\t\t\n\t\t\t\t<\/div>\n\t\t\t<\/div>\n\n\t\t\t\t\n\t\n<\/div>\t\t<\/div>\n\t<\/div>\n\n\t\n\n\n<p id=\"kontakt\"><\/p>\n","protected":false},"excerpt":{"rendered":"<p>Jeste\u015bmy autoryzowanym dealerem i serwisem sprz\u0119tu profesjonalnego firmy Smeg. Zajmujemy si\u0119 sprzeda\u017c\u0105 wysokiej jako\u015bci sprz\u0119tu kuchennego, jest projektowany i produkowany we W\u0142oszech. Oferta: Sprzedawany przez nas wysokiej klasy sprz\u0119t taki jak zmywarki, piekarniki, czy minibary, jest jednym z bardziej po\u017c\u0105danych na rynku. Zmywarki Piekarniki Sch\u0142adzarki Ekspresy do kawy Okapy Minibary [&hellip;]<\/p>\n","protected":false},"author":1,"featured_media":0,"parent":0,"menu_order":0,"comment_status":"closed","ping_status":"closed","template":"","meta":{"footnotes":""},"class_list":["post-52","page","type-page","status-publish","hentry"],"yoast_head":"<!-- This site is optimized with the Yoast SEO plugin v20.7 - https:\/\/yoast.com\/wordpress\/plugins\/seo\/ -->\n<title>Strona g\u0142\u00f3wna - Serwis AGD Jaros\u0142aw<\/title>\n<meta name=\"description\" content=\"Profesjonalny sprz\u0119t kuchenny do restauracji firmy Smeg. Jeste\u015bmy r\u00f3wnie\u017c autoryzowanym serwisem pogwarancyjnym popularnych marek sprz\u0119tu AGD\" \/>\n<meta name=\"robots\" content=\"index, follow, max-snippet:-1, max-image-preview:large, max-video-preview:-1\" \/>\n<link rel=\"canonical\" href=\"https:\/\/agdjaroslaw.pl\/\" \/>\n<meta property=\"og:locale\" content=\"pl_PL\" \/>\n<meta property=\"og:type\" content=\"article\" \/>\n<meta property=\"og:title\" content=\"Strona g\u0142\u00f3wna - Serwis AGD Jaros\u0142aw\" \/>\n<meta property=\"og:description\" content=\"Profesjonalny sprz\u0119t kuchenny do restauracji firmy Smeg. Jeste\u015bmy r\u00f3wnie\u017c autoryzowanym serwisem pogwarancyjnym popularnych marek sprz\u0119tu AGD\" \/>\n<meta property=\"og:url\" content=\"https:\/\/agdjaroslaw.pl\/\" \/>\n<meta property=\"og:site_name\" content=\"Serwis AGD Jaros\u0142aw\" \/>\n<meta property=\"article:modified_time\" content=\"2025-12-03T15:04:00+00:00\" \/>\n<meta property=\"og:image\" content=\"https:\/\/agdjaroslaw.pl\/wp-content\/uploads\/2023\/05\/zmywarka-1.jpeg\" \/>\n<meta name=\"twitter:card\" content=\"summary_large_image\" \/>\n<meta name=\"twitter:label1\" content=\"Szacowany czas czytania\" \/>\n\t<meta name=\"twitter:data1\" content=\"2 minuty\" \/>\n<script type=\"application\/ld+json\" class=\"yoast-schema-graph\">{\"@context\":\"https:\/\/schema.org\",\"@graph\":[{\"@type\":\"WebPage\",\"@id\":\"https:\/\/agdjaroslaw.pl\/\",\"url\":\"https:\/\/agdjaroslaw.pl\/\",\"name\":\"Strona g\u0142\u00f3wna - Serwis AGD Jaros\u0142aw\",\"isPartOf\":{\"@id\":\"https:\/\/agdjaroslaw.pl\/#website\"},\"datePublished\":\"2023-05-16T12:19:25+00:00\",\"dateModified\":\"2025-12-03T15:04:00+00:00\",\"description\":\"Profesjonalny sprz\u0119t kuchenny do restauracji firmy Smeg. Jeste\u015bmy r\u00f3wnie\u017c autoryzowanym serwisem pogwarancyjnym popularnych marek sprz\u0119tu AGD\",\"breadcrumb\":{\"@id\":\"https:\/\/agdjaroslaw.pl\/#breadcrumb\"},\"inLanguage\":\"pl-PL\",\"potentialAction\":[{\"@type\":\"ReadAction\",\"target\":[\"https:\/\/agdjaroslaw.pl\/\"]}]},{\"@type\":\"BreadcrumbList\",\"@id\":\"https:\/\/agdjaroslaw.pl\/#breadcrumb\",\"itemListElement\":[{\"@type\":\"ListItem\",\"position\":1,\"name\":\"Strona g\u0142\u00f3wna\",\"item\":\"https:\/\/agdjaroslaw.pl\/\"},{\"@type\":\"ListItem\",\"position\":2,\"name\":\"Strona g\u0142\u00f3wna\"}]},{\"@type\":\"WebSite\",\"@id\":\"https:\/\/agdjaroslaw.pl\/#website\",\"url\":\"https:\/\/agdjaroslaw.pl\/\",\"name\":\"Serwis AGD Jaros\u0142aw\",\"description\":\"\",\"publisher\":{\"@id\":\"https:\/\/agdjaroslaw.pl\/#organization\"},\"alternateName\":\"Serwis AGD\",\"potentialAction\":[{\"@type\":\"SearchAction\",\"target\":{\"@type\":\"EntryPoint\",\"urlTemplate\":\"https:\/\/agdjaroslaw.pl\/?s={search_term_string}\"},\"query-input\":\"required name=search_term_string\"}],\"inLanguage\":\"pl-PL\"},{\"@type\":\"Organization\",\"@id\":\"https:\/\/agdjaroslaw.pl\/#organization\",\"name\":\"Serwis AGD Jaros\u0142aw\",\"alternateName\":\"Serwis AGD\",\"url\":\"https:\/\/agdjaroslaw.pl\/\",\"logo\":{\"@type\":\"ImageObject\",\"inLanguage\":\"pl-PL\",\"@id\":\"https:\/\/agdjaroslaw.pl\/#\/schema\/logo\/image\/\",\"url\":\"https:\/\/agdjaroslaw.pl\/wp-content\/uploads\/2023\/05\/final-banner-2.png\",\"contentUrl\":\"https:\/\/agdjaroslaw.pl\/wp-content\/uploads\/2023\/05\/final-banner-2.png\",\"width\":2000,\"height\":200,\"caption\":\"Serwis AGD Jaros\u0142aw\"},\"image\":{\"@id\":\"https:\/\/agdjaroslaw.pl\/#\/schema\/logo\/image\/\"}}]}<\/script>\n<!-- \/ Yoast SEO plugin. -->","yoast_head_json":{"title":"Strona g\u0142\u00f3wna - Serwis AGD Jaros\u0142aw","description":"Profesjonalny sprz\u0119t kuchenny do restauracji firmy Smeg. Jeste\u015bmy r\u00f3wnie\u017c autoryzowanym serwisem pogwarancyjnym popularnych marek sprz\u0119tu AGD","robots":{"index":"index","follow":"follow","max-snippet":"max-snippet:-1","max-image-preview":"max-image-preview:large","max-video-preview":"max-video-preview:-1"},"canonical":"https:\/\/agdjaroslaw.pl\/","og_locale":"pl_PL","og_type":"article","og_title":"Strona g\u0142\u00f3wna - Serwis AGD Jaros\u0142aw","og_description":"Profesjonalny sprz\u0119t kuchenny do restauracji firmy Smeg. Jeste\u015bmy r\u00f3wnie\u017c autoryzowanym serwisem pogwarancyjnym popularnych marek sprz\u0119tu AGD","og_url":"https:\/\/agdjaroslaw.pl\/","og_site_name":"Serwis AGD Jaros\u0142aw","article_modified_time":"2025-12-03T15:04:00+00:00","og_image":[{"url":"https:\/\/agdjaroslaw.pl\/wp-content\/uploads\/2023\/05\/zmywarka-1.jpeg"}],"twitter_card":"summary_large_image","twitter_misc":{"Szacowany czas czytania":"2 minuty"},"schema":{"@context":"https:\/\/schema.org","@graph":[{"@type":"WebPage","@id":"https:\/\/agdjaroslaw.pl\/","url":"https:\/\/agdjaroslaw.pl\/","name":"Strona g\u0142\u00f3wna - Serwis AGD Jaros\u0142aw","isPartOf":{"@id":"https:\/\/agdjaroslaw.pl\/#website"},"datePublished":"2023-05-16T12:19:25+00:00","dateModified":"2025-12-03T15:04:00+00:00","description":"Profesjonalny sprz\u0119t kuchenny do restauracji firmy Smeg. Jeste\u015bmy r\u00f3wnie\u017c autoryzowanym serwisem pogwarancyjnym popularnych marek sprz\u0119tu AGD","breadcrumb":{"@id":"https:\/\/agdjaroslaw.pl\/#breadcrumb"},"inLanguage":"pl-PL","potentialAction":[{"@type":"ReadAction","target":["https:\/\/agdjaroslaw.pl\/"]}]},{"@type":"BreadcrumbList","@id":"https:\/\/agdjaroslaw.pl\/#breadcrumb","itemListElement":[{"@type":"ListItem","position":1,"name":"Strona g\u0142\u00f3wna","item":"https:\/\/agdjaroslaw.pl\/"},{"@type":"ListItem","position":2,"name":"Strona g\u0142\u00f3wna"}]},{"@type":"WebSite","@id":"https:\/\/agdjaroslaw.pl\/#website","url":"https:\/\/agdjaroslaw.pl\/","name":"Serwis AGD Jaros\u0142aw","description":"","publisher":{"@id":"https:\/\/agdjaroslaw.pl\/#organization"},"alternateName":"Serwis AGD","potentialAction":[{"@type":"SearchAction","target":{"@type":"EntryPoint","urlTemplate":"https:\/\/agdjaroslaw.pl\/?s={search_term_string}"},"query-input":"required name=search_term_string"}],"inLanguage":"pl-PL"},{"@type":"Organization","@id":"https:\/\/agdjaroslaw.pl\/#organization","name":"Serwis AGD Jaros\u0142aw","alternateName":"Serwis AGD","url":"https:\/\/agdjaroslaw.pl\/","logo":{"@type":"ImageObject","inLanguage":"pl-PL","@id":"https:\/\/agdjaroslaw.pl\/#\/schema\/logo\/image\/","url":"https:\/\/agdjaroslaw.pl\/wp-content\/uploads\/2023\/05\/final-banner-2.png","contentUrl":"https:\/\/agdjaroslaw.pl\/wp-content\/uploads\/2023\/05\/final-banner-2.png","width":2000,"height":200,"caption":"Serwis AGD Jaros\u0142aw"},"image":{"@id":"https:\/\/agdjaroslaw.pl\/#\/schema\/logo\/image\/"}}]}},"_links":{"self":[{"href":"https:\/\/agdjaroslaw.pl\/index.php?rest_route=\/wp\/v2\/pages\/52","targetHints":{"allow":["GET"]}}],"collection":[{"href":"https:\/\/agdjaroslaw.pl\/index.php?rest_route=\/wp\/v2\/pages"}],"about":[{"href":"https:\/\/agdjaroslaw.pl\/index.php?rest_route=\/wp\/v2\/types\/page"}],"author":[{"embeddable":true,"href":"https:\/\/agdjaroslaw.pl\/index.php?rest_route=\/wp\/v2\/users\/1"}],"replies":[{"embeddable":true,"href":"https:\/\/agdjaroslaw.pl\/index.php?rest_route=%2Fwp%2Fv2%2Fcomments&post=52"}],"version-history":[{"count":76,"href":"https:\/\/agdjaroslaw.pl\/index.php?rest_route=\/wp\/v2\/pages\/52\/revisions"}],"predecessor-version":[{"id":692,"href":"https:\/\/agdjaroslaw.pl\/index.php?rest_route=\/wp\/v2\/pages\/52\/revisions\/692"}],"wp:attachment":[{"href":"https:\/\/agdjaroslaw.pl\/index.php?rest_route=%2Fwp%2Fv2%2Fmedia&parent=52"}],"curies":[{"name":"wp","href":"https:\/\/api.w.org\/{rel}","templated":true}]}}